{"id":16,"date":"2025-03-15T20:01:35","date_gmt":"2025-03-15T19:01:35","guid":{"rendered":"https:\/\/lesarcherspugetois.fr\/?page_id=16"},"modified":"2025-09-07T08:23:56","modified_gmt":"2025-09-07T06:23:56","slug":"le-club","status":"publish","type":"page","link":"https:\/\/lesarcherspugetois.fr\/?page_id=16","title":{"rendered":"Le Club"},"content":{"rendered":"\n<hr class=\"wp-block-separator has-alpha-channel-opacity\"\/>\n\n\n\n<p>Le tir \u00e0 l\u2019arc offre le calme, cultive la pr\u00e9cision et encourage l\u2019int\u00e9gration. \u00ab Il permet \u00e0 tous, valides et non valides, de pratiquer ensemble sur un m\u00eame pas de tir, dans les m\u00eames conditions, en loisirs ou en comp\u00e9tition \u00bb<br><br>Nous sommes un des rares club \u00e0 poss\u00e9der une salle d&rsquo;entrainement permanente, couverte et chauff\u00e9e.<br><br>Horaires d&rsquo;entrainement pendant les p\u00e9riode scolaire<br>Lundi en salle de 17h30 \u00e0 19h30<br>Jeudi en salle de 17h30 \u00e0 19h30<br>Le terrain ext\u00e9rieur est en acc\u00e8s libre pour tous les membres du club.<br><\/p>\n\n\n\n<hr class=\"wp-block-separator has-alpha-channel-opacity is-style-wide\"\/>\n\n\n\n<p>Les Tarifs:<br>170 \u20ac Licence Adulte Pratique Comp\u00e9titions<br>160 \u20ac Licence Adulte Pratique Loisirs<br>150 \u20ac Licence Jeunes &lt; 21ans Loisirs &amp; Comp\u00e9titions<br><\/p>\n\n\n\n<hr class=\"wp-block-separator has-alpha-channel-opacity\"\/>\n\n\n\n<p class=\"has-text-align-center\">Tu veux nous rejoindre, rien de plus simple clique sur la cible (Peut \u00eatre ta premi\u00e8re fl\u00e8che sur une cible) remplis le formulaire et renvois le \u00e0 <a href=\"mailto:lesarcherspugetois.club@gmail.com\">lesarcherspugetois.club@gmail.com<\/a><br><\/p>\n\n\n<div class=\"wp-block-image\">\n<figure class=\"aligncenter size-full\"><a href=\"http:\/\/lesarcherspugetois.fr\/wp-content\/uploads\/2025\/09\/Fiche-Inscription.pdf\" target=\"_blank\" rel=\" noreferrer noopener\"><img loading=\"lazy\" decoding=\"async\" width=\"200\" height=\"199\" src=\"http:\/\/lesarcherspugetois.fr\/wp-content\/uploads\/2025\/03\/blason-fita-80-cm-pt.jpeg\" alt=\"\" class=\"wp-image-23\" srcset=\"https:\/\/lesarcherspugetois.fr\/wp-content\/uploads\/2025\/03\/blason-fita-80-cm-pt.jpeg 200w, https:\/\/lesarcherspugetois.fr\/wp-content\/uploads\/2025\/03\/blason-fita-80-cm-pt-150x150.jpeg 150w\" sizes=\"auto, (max-width: 200px) 100vw, 200px\" \/><\/a><\/figure>\n<\/div>\n\n\n<hr class=\"wp-block-separator has-alpha-channel-opacity\"\/>\n\n\n\n<p class=\"has-text-align-center\">Notre Club est affili\u00e9 FFTA<\/p>\n\n\n<div class=\"wp-block-image\">\n<figure class=\"aligncenter size-full is-resized\"><a href=\"https:\/\/www.ffta.fr\/\" target=\"_blank\" rel=\" noreferrer noopener\"><img loading=\"lazy\" decoding=\"async\" width=\"781\" height=\"768\" src=\"http:\/\/lesarcherspugetois.fr\/wp-content\/uploads\/2025\/03\/FFTA.jpg\" alt=\"\" class=\"wp-image-24\" style=\"width:400px\" srcset=\"https:\/\/lesarcherspugetois.fr\/wp-content\/uploads\/2025\/03\/FFTA.jpg 781w, https:\/\/lesarcherspugetois.fr\/wp-content\/uploads\/2025\/03\/FFTA-300x295.jpg 300w, https:\/\/lesarcherspugetois.fr\/wp-content\/uploads\/2025\/03\/FFTA-768x755.jpg 768w, https:\/\/lesarcherspugetois.fr\/wp-content\/uploads\/2025\/03\/FFTA-275x270.jpg 275w\" sizes=\"auto, (max-width: 781px) 100vw, 781px\" \/><\/a><\/figure>\n<\/div>\n\n\n<hr class=\"wp-block-separator has-alpha-channel-opacity\"\/>\n\n\n\n<p><\/p>\n","protected":false},"excerpt":{"rendered":"<p>Le tir \u00e0 l\u2019arc offre le calme, cultive la pr\u00e9cision et encourage l\u2019int\u00e9gration. \u00ab Il permet \u00e0 tous, valides et non valides, de pratiquer ensemble sur un m\u00eame pas de tir, dans les m\u00eames conditions, en loisirs ou en comp\u00e9tition \u00bb Nous sommes un des rares club \u00e0 poss\u00e9der une salle d&rsquo;entrainement permanente, couverte et chauff\u00e9e. Horaires d&rsquo;entrainement pendant les p\u00e9riode scolaireLundi en salle de 17h30 \u00e0 19h30Jeudi en salle de 17h30 \u00e0 19h30Le terrain ext\u00e9rieur est en acc\u00e8s libre&#8230;<\/p>\n<p class=\"read-more\"><a class=\"btn btn-default\" href=\"https:\/\/lesarcherspugetois.fr\/?page_id=16\">Lire la suite<span class=\"screen-reader-text\"> Lire la suite<\/span><\/a><\/p>\n","protected":false},"author":1,"featured_media":0,"parent":0,"menu_order":0,"comment_status":"closed","ping_status":"closed","template":"","meta":{"footnotes":""},"class_list":["post-16","page","type-page","status-publish","hentry"],"_links":{"self":[{"href":"https:\/\/lesarcherspugetois.fr\/index.php?rest_route=\/wp\/v2\/pages\/16","targetHints":{"allow":["GET"]}}],"collection":[{"href":"https:\/\/lesarcherspugetois.fr\/index.php?rest_route=\/wp\/v2\/pages"}],"about":[{"href":"https:\/\/lesarcherspugetois.fr\/index.php?rest_route=\/wp\/v2\/types\/page"}],"author":[{"embeddable":true,"href":"https:\/\/lesarcherspugetois.fr\/index.php?rest_route=\/wp\/v2\/users\/1"}],"replies":[{"embeddable":true,"href":"https:\/\/lesarcherspugetois.fr\/index.php?rest_route=%2Fwp%2Fv2%2Fcomments&post=16"}],"version-history":[{"count":11,"href":"https:\/\/lesarcherspugetois.fr\/index.php?rest_route=\/wp\/v2\/pages\/16\/revisions"}],"predecessor-version":[{"id":183,"href":"https:\/\/lesarcherspugetois.fr\/index.php?rest_route=\/wp\/v2\/pages\/16\/revisions\/183"}],"wp:attachment":[{"href":"https:\/\/lesarcherspugetois.fr\/index.php?rest_route=%2Fwp%2Fv2%2Fmedia&parent=16"}],"curies":[{"name":"wp","href":"https:\/\/api.w.org\/{rel}","templated":true}]}}