{"id":18,"date":"2025-03-15T20:04:58","date_gmt":"2025-03-15T19:04:58","guid":{"rendered":"https:\/\/lesarcherspugetois.fr\/?page_id=18"},"modified":"2025-03-18T16:40:52","modified_gmt":"2025-03-18T15:40:52","slug":"accueil","status":"publish","type":"page","link":"https:\/\/lesarcherspugetois.fr\/","title":{"rendered":"Accueil"},"content":{"rendered":"<div class=\"wp-block-image\">\n<figure class=\"aligncenter size-full\"><img loading=\"lazy\" decoding=\"async\" width=\"480\" height=\"556\" src=\"http:\/\/lesarcherspugetois.fr\/wp-content\/uploads\/2025\/03\/Logo.png\" alt=\"\" class=\"wp-image-25\" srcset=\"https:\/\/lesarcherspugetois.fr\/wp-content\/uploads\/2025\/03\/Logo.png 480w, https:\/\/lesarcherspugetois.fr\/wp-content\/uploads\/2025\/03\/Logo-259x300.png 259w, https:\/\/lesarcherspugetois.fr\/wp-content\/uploads\/2025\/03\/Logo-233x270.png 233w\" sizes=\"auto, (max-width: 480px) 100vw, 480px\" \/><\/figure>\n<\/div>\n\n\n<hr class=\"wp-block-separator has-alpha-channel-opacity\"\/>\n\n\n\n<p>Bienvenue aux Archers Pug\u00e9tois, le club incontournable pour les passionn\u00e9s de Tir \u00e0 l&rsquo;arc \u00e0 Puget-sur-Argens dans le Var ! Notre structure dynamique et conviviale vous accueille pour vous faire d\u00e9couvrir ou perfectionner votre technique de tir \u00e0 l&rsquo;arc. Que vous soyez d\u00e9butant ou confirm\u00e9, nos membres passionn\u00e9s sauront vous accompagner dans votre pratique. Rejoignez notre club pour vivre des moments intenses et conviviaux autour de ce sport ancestral. Venez d\u00e9velopper votre concentration, votre pr\u00e9cision et votre ma\u00eetrise de soi dans une ambiance chaleureuse et bienveillante. Les Archers Pug\u00e9tois, c&rsquo;est bien plus qu&rsquo;un club, c&rsquo;est une v\u00e9ritable communaut\u00e9 de passionn\u00e9s !<\/p>\n\n\n\n<hr class=\"wp-block-separator has-alpha-channel-opacity\"\/>\n\n\n<div class=\"wp-block-image\">\n<figure class=\"aligncenter size-full\"><a href=\"https:\/\/www.pugetsurargens.fr\/\" target=\"_blank\" rel=\" noreferrer noopener\"><img loading=\"lazy\" decoding=\"async\" width=\"409\" height=\"404\" src=\"http:\/\/lesarcherspugetois.fr\/wp-content\/uploads\/2025\/03\/Puget.png\" alt=\"\" class=\"wp-image-22\" srcset=\"https:\/\/lesarcherspugetois.fr\/wp-content\/uploads\/2025\/03\/Puget.png 409w, https:\/\/lesarcherspugetois.fr\/wp-content\/uploads\/2025\/03\/Puget-300x296.png 300w, https:\/\/lesarcherspugetois.fr\/wp-content\/uploads\/2025\/03\/Puget-273x270.png 273w\" sizes=\"auto, (max-width: 409px) 100vw, 409px\" \/><\/a><\/figure>\n<\/div>\n\n\n<hr class=\"wp-block-separator has-alpha-channel-opacity\"\/>\n\n\n\n<p class=\"has-text-align-center\">Club affili\u00e9 FFTA<\/p>\n\n\n<div class=\"wp-block-image\">\n<figure class=\"aligncenter size-medium\"><a href=\"https:\/\/www.ffta.fr\/\" target=\"_blank\" rel=\" noreferrer noopener\"><img loading=\"lazy\" decoding=\"async\" width=\"300\" height=\"295\" src=\"https:\/\/lesarcherspugetois.fr\/wp-content\/uploads\/2025\/03\/FFTA-300x295.jpg\" alt=\"\" class=\"wp-image-24\" srcset=\"https:\/\/lesarcherspugetois.fr\/wp-content\/uploads\/2025\/03\/FFTA-300x295.jpg 300w, https:\/\/lesarcherspugetois.fr\/wp-content\/uploads\/2025\/03\/FFTA-768x755.jpg 768w, https:\/\/lesarcherspugetois.fr\/wp-content\/uploads\/2025\/03\/FFTA-275x270.jpg 275w, https:\/\/lesarcherspugetois.fr\/wp-content\/uploads\/2025\/03\/FFTA.jpg 781w\" sizes=\"auto, (max-width: 300px) 100vw, 300px\" \/><\/a><\/figure>\n<\/div>\n\n\n<hr class=\"wp-block-separator has-alpha-channel-opacity\"\/>\n","protected":false},"excerpt":{"rendered":"<p>Bienvenue aux Archers Pug\u00e9tois, le club incontournable pour les passionn\u00e9s de Tir \u00e0 l&rsquo;arc \u00e0 Puget-sur-Argens dans le Var ! Notre structure dynamique et conviviale vous accueille pour vous faire d\u00e9couvrir ou perfectionner votre technique de tir \u00e0 l&rsquo;arc. Que vous soyez d\u00e9butant ou confirm\u00e9, nos membres passionn\u00e9s sauront vous accompagner dans votre pratique. Rejoignez notre club pour vivre des moments intenses et conviviaux autour de ce sport ancestral. Venez d\u00e9velopper votre concentration, votre pr\u00e9cision et votre ma\u00eetrise de soi&#8230;<\/p>\n<p class=\"read-more\"><a class=\"btn btn-default\" href=\"https:\/\/lesarcherspugetois.fr\/\">Lire la suite<span class=\"screen-reader-text\"> Lire la suite<\/span><\/a><\/p>\n","protected":false},"author":1,"featured_media":0,"parent":0,"menu_order":0,"comment_status":"closed","ping_status":"closed","template":"","meta":{"footnotes":""},"class_list":["post-18","page","type-page","status-publish","hentry"],"_links":{"self":[{"href":"https:\/\/lesarcherspugetois.fr\/index.php?rest_route=\/wp\/v2\/pages\/18","targetHints":{"allow":["GET"]}}],"collection":[{"href":"https:\/\/lesarcherspugetois.fr\/index.php?rest_route=\/wp\/v2\/pages"}],"about":[{"href":"https:\/\/lesarcherspugetois.fr\/index.php?rest_route=\/wp\/v2\/types\/page"}],"author":[{"embeddable":true,"href":"https:\/\/lesarcherspugetois.fr\/index.php?rest_route=\/wp\/v2\/users\/1"}],"replies":[{"embeddable":true,"href":"https:\/\/lesarcherspugetois.fr\/index.php?rest_route=%2Fwp%2Fv2%2Fcomments&post=18"}],"version-history":[{"count":8,"href":"https:\/\/lesarcherspugetois.fr\/index.php?rest_route=\/wp\/v2\/pages\/18\/revisions"}],"predecessor-version":[{"id":123,"href":"https:\/\/lesarcherspugetois.fr\/index.php?rest_route=\/wp\/v2\/pages\/18\/revisions\/123"}],"wp:attachment":[{"href":"https:\/\/lesarcherspugetois.fr\/index.php?rest_route=%2Fwp%2Fv2%2Fmedia&parent=18"}],"curies":[{"name":"wp","href":"https:\/\/api.w.org\/{rel}","templated":true}]}}