{"id":2,"date":"2025-03-15T17:17:21","date_gmt":"2025-03-15T16:17:21","guid":{"rendered":"http:\/\/lesarcherspugetois.fr\/?page_id=2"},"modified":"2025-03-15T20:23:09","modified_gmt":"2025-03-15T19:23:09","slug":"page-d-exemple","status":"publish","type":"page","link":"https:\/\/lesarcherspugetois.fr\/?page_id=2","title":{"rendered":"Histoire"},"content":{"rendered":"\n<hr class=\"wp-block-separator has-alpha-channel-opacity\"\/>\n\n\n\n<p>Le club de tir \u00e0 l&rsquo;arc des Archers Pug\u00e9tois \u00e0 \u00e9t\u00e9 cr\u00e9\u00e9 par Ren\u00e9 Allons en 2010.<\/p>\n\n\n<div class=\"wp-block-image\">\n<figure class=\"aligncenter size-full\"><img loading=\"lazy\" decoding=\"async\" width=\"300\" height=\"190\" src=\"http:\/\/lesarcherspugetois.fr\/wp-content\/uploads\/2025\/03\/Rene_Allons.png\" alt=\"\" class=\"wp-image-32\"\/><\/figure>\n<\/div>\n\n\n<p>Ren\u00e9 Allons<br>N\u00e9 le 23 octobre 1939 au Luc (Var), Pr\u00e9sident fondateur des Archers Pugetois \u00e0 Puget sur Argens (83 &#8211; PACA) depuis 2010 et ancien membre de l&rsquo;\u00e9quipe de France.<br>Ren\u00e9 avait notamment \u00e9t\u00e9 s\u00e9lectionn\u00e9 aux Championnats d&rsquo;Europe en Salle \u00e0 Ath\u00e8nes en 1989 et aux Championnats du Monde en Salle \u00e0 Oulu en 1991.<br>Il est d\u00e9c\u00e9d\u00e9 le 11 F\u00e9vrier 2020, \u00e0 l\u2019\u00e2ge de 66 ans.<br><br>Depuis Jean Fran\u00e7ois Metreau a repris le flambeau afin de continuer l\u2019\u0153uvre de son illustre pr\u00e9d\u00e9cesseur.<\/p>\n\n\n\n<figure class=\"wp-block-image size-large\"><img loading=\"lazy\" decoding=\"async\" width=\"1024\" height=\"1024\" src=\"http:\/\/lesarcherspugetois.fr\/wp-content\/uploads\/2025\/03\/Jeff-Mereau-1024x1024.jpg\" alt=\"\" class=\"wp-image-35\" srcset=\"https:\/\/lesarcherspugetois.fr\/wp-content\/uploads\/2025\/03\/Jeff-Mereau-1024x1024.jpg 1024w, https:\/\/lesarcherspugetois.fr\/wp-content\/uploads\/2025\/03\/Jeff-Mereau-300x300.jpg 300w, https:\/\/lesarcherspugetois.fr\/wp-content\/uploads\/2025\/03\/Jeff-Mereau-150x150.jpg 150w, https:\/\/lesarcherspugetois.fr\/wp-content\/uploads\/2025\/03\/Jeff-Mereau-768x768.jpg 768w, https:\/\/lesarcherspugetois.fr\/wp-content\/uploads\/2025\/03\/Jeff-Mereau-270x270.jpg 270w, https:\/\/lesarcherspugetois.fr\/wp-content\/uploads\/2025\/03\/Jeff-Mereau.jpg 1440w\" sizes=\"auto, (max-width: 1024px) 100vw, 1024px\" \/><\/figure>\n\n\n\n<hr class=\"wp-block-separator has-alpha-channel-opacity\"\/>\n","protected":false},"excerpt":{"rendered":"<p>Le club de tir \u00e0 l&rsquo;arc des Archers Pug\u00e9tois \u00e0 \u00e9t\u00e9 cr\u00e9\u00e9 par Ren\u00e9 Allons en 2010. Ren\u00e9 AllonsN\u00e9 le 23 octobre 1939 au Luc (Var), Pr\u00e9sident fondateur des Archers Pugetois \u00e0 Puget sur Argens (83 &#8211; PACA) depuis 2010 et ancien membre de l&rsquo;\u00e9quipe de France.Ren\u00e9 avait notamment \u00e9t\u00e9 s\u00e9lectionn\u00e9 aux Championnats d&rsquo;Europe en Salle \u00e0 Ath\u00e8nes en 1989 et aux Championnats du Monde en Salle \u00e0 Oulu en 1991.Il est d\u00e9c\u00e9d\u00e9 le 11 F\u00e9vrier 2020, \u00e0 l\u2019\u00e2ge de&#8230;<\/p>\n<p class=\"read-more\"><a class=\"btn btn-default\" href=\"https:\/\/lesarcherspugetois.fr\/?page_id=2\">Lire la suite<span class=\"screen-reader-text\"> Lire la suite<\/span><\/a><\/p>\n","protected":false},"author":1,"featured_media":0,"parent":0,"menu_order":0,"comment_status":"closed","ping_status":"open","template":"","meta":{"footnotes":""},"class_list":["post-2","page","type-page","status-publish","hentry"],"_links":{"self":[{"href":"https:\/\/lesarcherspugetois.fr\/index.php?rest_route=\/wp\/v2\/pages\/2","targetHints":{"allow":["GET"]}}],"collection":[{"href":"https:\/\/lesarcherspugetois.fr\/index.php?rest_route=\/wp\/v2\/pages"}],"about":[{"href":"https:\/\/lesarcherspugetois.fr\/index.php?rest_route=\/wp\/v2\/types\/page"}],"author":[{"embeddable":true,"href":"https:\/\/lesarcherspugetois.fr\/index.php?rest_route=\/wp\/v2\/users\/1"}],"replies":[{"embeddable":true,"href":"https:\/\/lesarcherspugetois.fr\/index.php?rest_route=%2Fwp%2Fv2%2Fcomments&post=2"}],"version-history":[{"count":4,"href":"https:\/\/lesarcherspugetois.fr\/index.php?rest_route=\/wp\/v2\/pages\/2\/revisions"}],"predecessor-version":[{"id":36,"href":"https:\/\/lesarcherspugetois.fr\/index.php?rest_route=\/wp\/v2\/pages\/2\/revisions\/36"}],"wp:attachment":[{"href":"https:\/\/lesarcherspugetois.fr\/index.php?rest_route=%2Fwp%2Fv2%2Fmedia&parent=2"}],"curies":[{"name":"wp","href":"https:\/\/api.w.org\/{rel}","templated":true}]}}