{"id":50,"date":"2025-03-17T21:34:18","date_gmt":"2025-03-17T20:34:18","guid":{"rendered":"https:\/\/lesarcherspugetois.fr\/?page_id=50"},"modified":"2025-03-17T21:40:07","modified_gmt":"2025-03-17T20:40:07","slug":"contact","status":"publish","type":"page","link":"https:\/\/lesarcherspugetois.fr\/?page_id=50","title":{"rendered":"Contact"},"content":{"rendered":"\n<hr class=\"wp-block-separator has-alpha-channel-opacity\"\/>\n\n\n\n<p>Adresse du Club: <br><strong>Les Archers Pug\u00e9tois<br>Le Belv\u00e9d\u00e8re B\u00e2t.C2 <br>83480 Puget-sur-Argens<br><\/strong><\/p>\n\n\n\n<hr class=\"wp-block-separator has-alpha-channel-opacity\"\/>\n\n\n\n<figure class=\"wp-block-image size-full\"><img loading=\"lazy\" decoding=\"async\" width=\"745\" height=\"407\" src=\"http:\/\/lesarcherspugetois.fr\/wp-content\/uploads\/2025\/03\/MAP.jpg\" alt=\"\" class=\"wp-image-51\" srcset=\"https:\/\/lesarcherspugetois.fr\/wp-content\/uploads\/2025\/03\/MAP.jpg 745w, https:\/\/lesarcherspugetois.fr\/wp-content\/uploads\/2025\/03\/MAP-300x164.jpg 300w, https:\/\/lesarcherspugetois.fr\/wp-content\/uploads\/2025\/03\/MAP-494x270.jpg 494w\" sizes=\"auto, (max-width: 745px) 100vw, 745px\" \/><\/figure>\n\n\n\n<hr class=\"wp-block-separator has-alpha-channel-opacity\"\/>\n\n\n\n<p>Email: <a href=\"mailto:lesarcherspugetois.club@gmail.com\">lesarcherspugetois.club@gmail.com<\/a><\/p>\n\n\n\n<hr class=\"wp-block-separator has-alpha-channel-opacity\"\/>\n\n\n\n<p>Pr\u00e9sident : <strong>METREAU Jean-Fran\u00e7ois<\/strong><br>Tel: <strong>06 32 41 11 45<\/strong><\/p>\n\n\n\n<hr class=\"wp-block-separator has-alpha-channel-opacity\"\/>\n\n\n\n<p><\/p>\n","protected":false},"excerpt":{"rendered":"<p>Adresse du Club: Les Archers Pug\u00e9toisLe Belv\u00e9d\u00e8re B\u00e2t.C2 83480 Puget-sur-Argens Email: lesarcherspugetois.club@gmail.com Pr\u00e9sident : METREAU Jean-Fran\u00e7oisTel: 06 32 41 11 45<\/p>\n","protected":false},"author":1,"featured_media":0,"parent":0,"menu_order":0,"comment_status":"closed","ping_status":"closed","template":"","meta":{"footnotes":""},"class_list":["post-50","page","type-page","status-publish","hentry"],"_links":{"self":[{"href":"https:\/\/lesarcherspugetois.fr\/index.php?rest_route=\/wp\/v2\/pages\/50","targetHints":{"allow":["GET"]}}],"collection":[{"href":"https:\/\/lesarcherspugetois.fr\/index.php?rest_route=\/wp\/v2\/pages"}],"about":[{"href":"https:\/\/lesarcherspugetois.fr\/index.php?rest_route=\/wp\/v2\/types\/page"}],"author":[{"embeddable":true,"href":"https:\/\/lesarcherspugetois.fr\/index.php?rest_route=\/wp\/v2\/users\/1"}],"replies":[{"embeddable":true,"href":"https:\/\/lesarcherspugetois.fr\/index.php?rest_route=%2Fwp%2Fv2%2Fcomments&post=50"}],"version-history":[{"count":3,"href":"https:\/\/lesarcherspugetois.fr\/index.php?rest_route=\/wp\/v2\/pages\/50\/revisions"}],"predecessor-version":[{"id":55,"href":"https:\/\/lesarcherspugetois.fr\/index.php?rest_route=\/wp\/v2\/pages\/50\/revisions\/55"}],"wp:attachment":[{"href":"https:\/\/lesarcherspugetois.fr\/index.php?rest_route=%2Fwp%2Fv2%2Fmedia&parent=50"}],"curies":[{"name":"wp","href":"https:\/\/api.w.org\/{rel}","templated":true}]}}