{"id":56,"date":"2025-03-17T21:49:52","date_gmt":"2025-03-17T20:49:52","guid":{"rendered":"https:\/\/lesarcherspugetois.fr\/?page_id=56"},"modified":"2025-03-26T13:39:21","modified_gmt":"2025-03-26T12:39:21","slug":"competitions","status":"publish","type":"page","link":"https:\/\/lesarcherspugetois.fr\/?page_id=56","title":{"rendered":"Comp\u00e9titions"},"content":{"rendered":"\n<hr class=\"wp-block-separator has-alpha-channel-opacity\"\/>\n\n\n\n<p>le site du comit\u00e9 d\u00e9partemental de tir \u00e0 l&rsquo;arc<br><\/p>\n\n\n<div class=\"wp-block-image\">\n<figure class=\"aligncenter size-full\"><a href=\"https:\/\/www.cdarc83.com\" target=\"_blank\" rel=\" noreferrer noopener\"><img loading=\"lazy\" decoding=\"async\" width=\"292\" height=\"272\" src=\"http:\/\/lesarcherspugetois.fr\/wp-content\/uploads\/2025\/03\/CDARC83.jpg\" alt=\"\" class=\"wp-image-57\" srcset=\"https:\/\/lesarcherspugetois.fr\/wp-content\/uploads\/2025\/03\/CDARC83.jpg 292w, https:\/\/lesarcherspugetois.fr\/wp-content\/uploads\/2025\/03\/CDARC83-290x270.jpg 290w\" sizes=\"auto, (max-width: 292px) 100vw, 292px\" \/><\/a><\/figure>\n<\/div>\n\n\n<hr class=\"wp-block-separator has-alpha-channel-opacity\"\/>\n\n\n\n<p>Le Comit\u00e9 R\u00e9gional Provence Alpes C\u00f4te d&rsquo;Azur<br> <\/p>\n\n\n<div class=\"wp-block-image\">\n<figure class=\"aligncenter size-full\"><a href=\"https:\/\/www.tirarcpaca.fr\/\" target=\"_blank\" rel=\" noreferrer noopener\"><img loading=\"lazy\" decoding=\"async\" width=\"370\" height=\"253\" src=\"http:\/\/lesarcherspugetois.fr\/wp-content\/uploads\/2025\/03\/PACA.jpg\" alt=\"\" class=\"wp-image-60\" srcset=\"https:\/\/lesarcherspugetois.fr\/wp-content\/uploads\/2025\/03\/PACA.jpg 370w, https:\/\/lesarcherspugetois.fr\/wp-content\/uploads\/2025\/03\/PACA-300x205.jpg 300w\" sizes=\"auto, (max-width: 370px) 100vw, 370px\" \/><\/a><\/figure>\n<\/div>\n\n\n<hr class=\"wp-block-separator has-alpha-channel-opacity\"\/>\n\n\n\n<p>Le site World Archery<br><\/p>\n\n\n<div class=\"wp-block-image\">\n<figure class=\"aligncenter size-full\"><a href=\"https:\/\/www.worldarchery.sport\/\" target=\"_blank\" rel=\" noreferrer noopener\"><img loading=\"lazy\" decoding=\"async\" width=\"385\" height=\"400\" src=\"http:\/\/lesarcherspugetois.fr\/wp-content\/uploads\/2025\/03\/WA.png\" alt=\"\" class=\"wp-image-148\" srcset=\"https:\/\/lesarcherspugetois.fr\/wp-content\/uploads\/2025\/03\/WA.png 385w, https:\/\/lesarcherspugetois.fr\/wp-content\/uploads\/2025\/03\/WA-289x300.png 289w, https:\/\/lesarcherspugetois.fr\/wp-content\/uploads\/2025\/03\/WA-260x270.png 260w\" sizes=\"auto, (max-width: 385px) 100vw, 385px\" \/><\/a><\/figure>\n<\/div>\n\n\n<hr class=\"wp-block-separator has-alpha-channel-opacity\"\/>\n","protected":false},"excerpt":{"rendered":"<p>le site du comit\u00e9 d\u00e9partemental de tir \u00e0 l&rsquo;arc Le Comit\u00e9 R\u00e9gional Provence Alpes C\u00f4te d&rsquo;Azur Le site World Archery<\/p>\n","protected":false},"author":1,"featured_media":0,"parent":0,"menu_order":0,"comment_status":"closed","ping_status":"closed","template":"","meta":{"footnotes":""},"class_list":["post-56","page","type-page","status-publish","hentry"],"_links":{"self":[{"href":"https:\/\/lesarcherspugetois.fr\/index.php?rest_route=\/wp\/v2\/pages\/56","targetHints":{"allow":["GET"]}}],"collection":[{"href":"https:\/\/lesarcherspugetois.fr\/index.php?rest_route=\/wp\/v2\/pages"}],"about":[{"href":"https:\/\/lesarcherspugetois.fr\/index.php?rest_route=\/wp\/v2\/types\/page"}],"author":[{"embeddable":true,"href":"https:\/\/lesarcherspugetois.fr\/index.php?rest_route=\/wp\/v2\/users\/1"}],"replies":[{"embeddable":true,"href":"https:\/\/lesarcherspugetois.fr\/index.php?rest_route=%2Fwp%2Fv2%2Fcomments&post=56"}],"version-history":[{"count":7,"href":"https:\/\/lesarcherspugetois.fr\/index.php?rest_route=\/wp\/v2\/pages\/56\/revisions"}],"predecessor-version":[{"id":150,"href":"https:\/\/lesarcherspugetois.fr\/index.php?rest_route=\/wp\/v2\/pages\/56\/revisions\/150"}],"wp:attachment":[{"href":"https:\/\/lesarcherspugetois.fr\/index.php?rest_route=%2Fwp%2Fv2%2Fmedia&parent=56"}],"curies":[{"name":"wp","href":"https:\/\/api.w.org\/{rel}","templated":true}]}}